{"id":124,"date":"2020-11-12T13:21:07","date_gmt":"2020-11-12T13:21:07","guid":{"rendered":"https:\/\/www.goodwall.io\/bettertogetherafrica\/landing-page-francais\/"},"modified":"2020-12-09T14:58:59","modified_gmt":"2020-12-09T14:58:59","slug":"fr-home","status":"publish","type":"page","link":"https:\/\/www.goodwall.io\/bettertogetherafrica\/fr\/fr-home\/","title":{"rendered":"Home Page Fran\u00e7ais"},"content":{"rendered":"\n<pre id=\"tw-target-text\" class=\"wp-block-preformatted\"><strong><em>Novembre \u00e0 d\u00e9cembre 2020\nRejoignez notre programme gratuit et am\u00e9liorez-vous en 3 semaines<\/em><\/strong><\/pre>\n","protected":false},"excerpt":{"rendered":"<p>Novembre \u00e0 d\u00e9cembre 2020 Rejoignez notre programme gratuit et am\u00e9liorez-vous en 3 semaines<\/p>\n","protected":false},"author":17,"featured_media":294,"parent":0,"menu_order":0,"comment_status":"closed","ping_status":"closed","template":"page-landing.php","meta":[],"acf":[],"yoast_head":"<!-- This site is optimized with the Yoast SEO plugin v20.10 - https:\/\/yoast.com\/wordpress\/plugins\/seo\/ -->\n<title>Home Page Fran\u00e7ais - BetterTogether Africa<\/title>\n<meta name=\"robots\" content=\"index, follow, max-snippet:-1, max-image-preview:large, max-video-preview:-1\" \/>\n<link rel=\"canonical\" href=\"https:\/\/www.goodwall.io\/bettertogetherafrica\/fr\/fr-home\/\" \/>\n<meta property=\"og:locale\" content=\"en_US\" \/>\n<meta property=\"og:type\" content=\"article\" \/>\n<meta property=\"og:title\" content=\"Home Page Fran\u00e7ais - BetterTogether Africa\" \/>\n<meta property=\"og:description\" content=\"Novembre \u00e0 d\u00e9cembre 2020 Rejoignez notre programme gratuit et am\u00e9liorez-vous en 3 semaines\" \/>\n<meta property=\"og:url\" content=\"https:\/\/www.goodwall.io\/bettertogetherafrica\/fr\/fr-home\/\" \/>\n<meta property=\"og:site_name\" content=\"BetterTogether Africa\" \/>\n<meta property=\"article:publisher\" content=\"https:\/\/www.facebook.com\/goodwallapp\" \/>\n<meta property=\"article:modified_time\" content=\"2020-12-09T14:58:59+00:00\" \/>\n<meta property=\"og:image\" content=\"https:\/\/www.goodwall.io\/bettertogetherafrica\/wp-content\/uploads\/sites\/9\/2020\/12\/BetterTogether-Africa.jpg\" \/>\n\t<meta property=\"og:image:width\" content=\"1200\" \/>\n\t<meta property=\"og:image:height\" content=\"545\" \/>\n\t<meta property=\"og:image:type\" content=\"image\/jpeg\" \/>\n<meta name=\"twitter:card\" content=\"summary_large_image\" \/>\n<meta name=\"twitter:site\" content=\"@Goodwall\" \/>\n<script type=\"application\/ld+json\" class=\"yoast-schema-graph\">{\"@context\":\"https:\/\/schema.org\",\"@graph\":[{\"@type\":\"WebPage\",\"@id\":\"https:\/\/www.goodwall.io\/bettertogetherafrica\/fr\/fr-home\/\",\"url\":\"https:\/\/www.goodwall.io\/bettertogetherafrica\/fr\/fr-home\/\",\"name\":\"Home Page Fran\u00e7ais - BetterTogether Africa\",\"isPartOf\":{\"@id\":\"https:\/\/www.goodwall.io\/bettertogetherafrica\/#website\"},\"datePublished\":\"2020-11-12T13:21:07+00:00\",\"dateModified\":\"2020-12-09T14:58:59+00:00\",\"breadcrumb\":{\"@id\":\"https:\/\/www.goodwall.io\/bettertogetherafrica\/fr\/fr-home\/#breadcrumb\"},\"inLanguage\":\"en-US\",\"potentialAction\":[{\"@type\":\"ReadAction\",\"target\":[\"https:\/\/www.goodwall.io\/bettertogetherafrica\/fr\/fr-home\/\"]}]},{\"@type\":\"BreadcrumbList\",\"@id\":\"https:\/\/www.goodwall.io\/bettertogetherafrica\/fr\/fr-home\/#breadcrumb\",\"itemListElement\":[{\"@type\":\"ListItem\",\"position\":1,\"name\":\"Home\",\"item\":\"https:\/\/www.goodwall.io\/bettertogetherafrica\/\"},{\"@type\":\"ListItem\",\"position\":2,\"name\":\"Home Page Fran\u00e7ais\"}]},{\"@type\":\"WebSite\",\"@id\":\"https:\/\/www.goodwall.io\/bettertogetherafrica\/#website\",\"url\":\"https:\/\/www.goodwall.io\/bettertogetherafrica\/\",\"name\":\"BetterTogether Africa\",\"description\":\"Three weeks of challenges, speakers, and prizes.\",\"publisher\":{\"@id\":\"https:\/\/www.goodwall.io\/bettertogetherafrica\/#organization\"},\"potentialAction\":[{\"@type\":\"SearchAction\",\"target\":{\"@type\":\"EntryPoint\",\"urlTemplate\":\"https:\/\/www.goodwall.io\/bettertogetherafrica\/?s={search_term_string}\"},\"query-input\":\"required name=search_term_string\"}],\"inLanguage\":\"en-US\"},{\"@type\":\"Organization\",\"@id\":\"https:\/\/www.goodwall.io\/bettertogetherafrica\/#organization\",\"name\":\"Goodwall\",\"url\":\"https:\/\/www.goodwall.io\/bettertogetherafrica\/\",\"logo\":{\"@type\":\"ImageObject\",\"inLanguage\":\"en-US\",\"@id\":\"https:\/\/www.goodwall.io\/bettertogetherafrica\/#\/schema\/logo\/image\/\",\"url\":\"https:\/\/www.goodwall.io\/bettertogetherafrica\/wp-content\/uploads\/sites\/9\/2020\/11\/goodwall-logo-2019.png\",\"contentUrl\":\"https:\/\/www.goodwall.io\/bettertogetherafrica\/wp-content\/uploads\/sites\/9\/2020\/11\/goodwall-logo-2019.png\",\"width\":3081,\"height\":561,\"caption\":\"Goodwall\"},\"image\":{\"@id\":\"https:\/\/www.goodwall.io\/bettertogetherafrica\/#\/schema\/logo\/image\/\"},\"sameAs\":[\"https:\/\/www.facebook.com\/goodwallapp\",\"https:\/\/twitter.com\/Goodwall\",\"https:\/\/instagram.com\/goodwallapp\",\"https:\/\/www.linkedin.com\/company\/goodwall\/\",\"https:\/\/www.youtube.com\/channel\/UCVTAXpA-MqFgm2s6dxH8Sqw\",\"https:\/\/en.wikipedia.org\/wiki\/Goodwall\"]}]}<\/script>\n<!-- \/ Yoast SEO plugin. -->","yoast_head_json":{"title":"Home Page Fran\u00e7ais - BetterTogether Africa","robots":{"index":"index","follow":"follow","max-snippet":"max-snippet:-1","max-image-preview":"max-image-preview:large","max-video-preview":"max-video-preview:-1"},"canonical":"https:\/\/www.goodwall.io\/bettertogetherafrica\/fr\/fr-home\/","og_locale":"en_US","og_type":"article","og_title":"Home Page Fran\u00e7ais - BetterTogether Africa","og_description":"Novembre \u00e0 d\u00e9cembre 2020 Rejoignez notre programme gratuit et am\u00e9liorez-vous en 3 semaines","og_url":"https:\/\/www.goodwall.io\/bettertogetherafrica\/fr\/fr-home\/","og_site_name":"BetterTogether Africa","article_publisher":"https:\/\/www.facebook.com\/goodwallapp","article_modified_time":"2020-12-09T14:58:59+00:00","og_image":[{"width":1200,"height":545,"url":"https:\/\/www.goodwall.io\/bettertogetherafrica\/wp-content\/uploads\/sites\/9\/2020\/12\/BetterTogether-Africa.jpg","type":"image\/jpeg"}],"twitter_card":"summary_large_image","twitter_site":"@Goodwall","schema":{"@context":"https:\/\/schema.org","@graph":[{"@type":"WebPage","@id":"https:\/\/www.goodwall.io\/bettertogetherafrica\/fr\/fr-home\/","url":"https:\/\/www.goodwall.io\/bettertogetherafrica\/fr\/fr-home\/","name":"Home Page Fran\u00e7ais - BetterTogether Africa","isPartOf":{"@id":"https:\/\/www.goodwall.io\/bettertogetherafrica\/#website"},"datePublished":"2020-11-12T13:21:07+00:00","dateModified":"2020-12-09T14:58:59+00:00","breadcrumb":{"@id":"https:\/\/www.goodwall.io\/bettertogetherafrica\/fr\/fr-home\/#breadcrumb"},"inLanguage":"en-US","potentialAction":[{"@type":"ReadAction","target":["https:\/\/www.goodwall.io\/bettertogetherafrica\/fr\/fr-home\/"]}]},{"@type":"BreadcrumbList","@id":"https:\/\/www.goodwall.io\/bettertogetherafrica\/fr\/fr-home\/#breadcrumb","itemListElement":[{"@type":"ListItem","position":1,"name":"Home","item":"https:\/\/www.goodwall.io\/bettertogetherafrica\/"},{"@type":"ListItem","position":2,"name":"Home Page Fran\u00e7ais"}]},{"@type":"WebSite","@id":"https:\/\/www.goodwall.io\/bettertogetherafrica\/#website","url":"https:\/\/www.goodwall.io\/bettertogetherafrica\/","name":"BetterTogether Africa","description":"Three weeks of challenges, speakers, and prizes.","publisher":{"@id":"https:\/\/www.goodwall.io\/bettertogetherafrica\/#organization"},"potentialAction":[{"@type":"SearchAction","target":{"@type":"EntryPoint","urlTemplate":"https:\/\/www.goodwall.io\/bettertogetherafrica\/?s={search_term_string}"},"query-input":"required name=search_term_string"}],"inLanguage":"en-US"},{"@type":"Organization","@id":"https:\/\/www.goodwall.io\/bettertogetherafrica\/#organization","name":"Goodwall","url":"https:\/\/www.goodwall.io\/bettertogetherafrica\/","logo":{"@type":"ImageObject","inLanguage":"en-US","@id":"https:\/\/www.goodwall.io\/bettertogetherafrica\/#\/schema\/logo\/image\/","url":"https:\/\/www.goodwall.io\/bettertogetherafrica\/wp-content\/uploads\/sites\/9\/2020\/11\/goodwall-logo-2019.png","contentUrl":"https:\/\/www.goodwall.io\/bettertogetherafrica\/wp-content\/uploads\/sites\/9\/2020\/11\/goodwall-logo-2019.png","width":3081,"height":561,"caption":"Goodwall"},"image":{"@id":"https:\/\/www.goodwall.io\/bettertogetherafrica\/#\/schema\/logo\/image\/"},"sameAs":["https:\/\/www.facebook.com\/goodwallapp","https:\/\/twitter.com\/Goodwall","https:\/\/instagram.com\/goodwallapp","https:\/\/www.linkedin.com\/company\/goodwall\/","https:\/\/www.youtube.com\/channel\/UCVTAXpA-MqFgm2s6dxH8Sqw","https:\/\/en.wikipedia.org\/wiki\/Goodwall"]}]}},"_links":{"self":[{"href":"https:\/\/www.goodwall.io\/bettertogetherafrica\/wp-json\/wp\/v2\/pages\/124"}],"collection":[{"href":"https:\/\/www.goodwall.io\/bettertogetherafrica\/wp-json\/wp\/v2\/pages"}],"about":[{"href":"https:\/\/www.goodwall.io\/bettertogetherafrica\/wp-json\/wp\/v2\/types\/page"}],"author":[{"embeddable":true,"href":"https:\/\/www.goodwall.io\/bettertogetherafrica\/wp-json\/wp\/v2\/users\/17"}],"replies":[{"embeddable":true,"href":"https:\/\/www.goodwall.io\/bettertogetherafrica\/wp-json\/wp\/v2\/comments?post=124"}],"version-history":[{"count":36,"href":"https:\/\/www.goodwall.io\/bettertogetherafrica\/wp-json\/wp\/v2\/pages\/124\/revisions"}],"predecessor-version":[{"id":345,"href":"https:\/\/www.goodwall.io\/bettertogetherafrica\/wp-json\/wp\/v2\/pages\/124\/revisions\/345"}],"wp:featuredmedia":[{"embeddable":true,"href":"https:\/\/www.goodwall.io\/bettertogetherafrica\/wp-json\/wp\/v2\/media\/294"}],"wp:attachment":[{"href":"https:\/\/www.goodwall.io\/bettertogetherafrica\/wp-json\/wp\/v2\/media?parent=124"}],"curies":[{"name":"wp","href":"https:\/\/api.w.org\/{rel}","templated":true}]}}